{"id":2192,"date":"2019-06-14T18:23:09","date_gmt":"2019-06-14T16:23:09","guid":{"rendered":"https:\/\/kv-wadelheim.de\/?page_id=2192"},"modified":"2019-06-15T12:32:54","modified_gmt":"2019-06-15T10:32:54","slug":"session-2007-2008-copy-copy-copy-copy-copy-copy-copy-copy-copy-copy","status":"publish","type":"page","link":"https:\/\/kv-wadelheim.de\/?page_id=2192","title":{"rendered":"Session 2017\/2018"},"content":{"rendered":"\n\t\t\t\t<a href=\"https:\/\/kv-wadelheim.de\/?page_id=2191\" target=\"_self\" itemprop=\"url\" rel=\"noopener noreferrer\">\n\t\t\t\t<img fetchpriority=\"high\" decoding=\"async\" src=\"https:\/\/kv-wadelheim.de\/wp-content\/uploads\/2019\/06\/IMG_2899-1.jpg\" alt=\"IMG_2899\" itemprop=\"image\" height=\"450\" width=\"600\" title=\"IMG_2899\" onerror=\"this.style.display='none'\"  \/>\n\t\t\t\t<\/a>\n\t<strong>Sommerfest<br \/>\n<\/strong>\n<em>9. Juni 2018<br \/>\n<\/em>\n<p><em>\u00a0<\/em><\/p>\n\t\t\t\t<a href=\"https:\/\/photos.app.goo.gl\/kVCNAXlFmdthoQYx1\" target=\"_blank\" rel=\"noopener noreferrer\"  itemprop=\"url\">\n\t\t\t\t<img decoding=\"async\" src=\"https:\/\/kv-wadelheim.de\/wp-content\/uploads\/2019\/06\/ZuBesuchbei2018-235x300.jpg\" alt=\"ZuBesuchbei2018\" itemprop=\"image\" height=\"300\" width=\"235\" title=\"ZuBesuchbei2018\" onerror=\"this.style.display='none'\"  \/>\n\t\t\t\t<\/a>\n\t<strong>Zu Besuch bei &#8230;. 2017\/2018<br \/>\n<\/strong>\n<p><em>fortlaufend<\/em><\/p>\n\t\t\t\t<a href=\"https:\/\/kv-wadelheim.de\/?page_id=1579\" target=\"_self\" itemprop=\"url\" rel=\"noopener noreferrer\">\n\t\t\t\t<img decoding=\"async\" src=\"https:\/\/kv-wadelheim.de\/wp-content\/uploads\/2019\/06\/Rosenmontag2018_003.jpg\" alt=\"Rosenmontag2018_003\" itemprop=\"image\" height=\"450\" width=\"600\" title=\"Rosenmontag2018_003\" onerror=\"this.style.display='none'\"  \/>\n\t\t\t\t<\/a>\n\t<p><strong>Rosenmontagsumzug<\/strong><\/p>\n<p><em>12<\/em><em>. Februar 2018<\/em><\/p>\n\t\t\t\t<a href=\"https:\/\/kv-wadelheim.de\/?page_id=2189\" target=\"_self\" itemprop=\"url\" rel=\"noopener noreferrer\">\n\t\t\t\t<img loading=\"lazy\" decoding=\"async\" src=\"https:\/\/kv-wadelheim.de\/wp-content\/uploads\/2019\/06\/DSC_0913.jpg\" alt=\"DSC_0913\" itemprop=\"image\" height=\"664\" width=\"1000\" title=\"DSC_0913\" onerror=\"this.style.display='none'\"  \/>\n\t\t\t\t<\/a>\n\t<strong>Lustiger Tanzabend<br \/>\n<\/strong>\n<em>10. Februar 2018<br \/>\n<\/em>\n\t\t\t\t<a href=\"https:\/\/kv-wadelheim.de\/?page_id=2188\" target=\"_self\" itemprop=\"url\" rel=\"noopener noreferrer\">\n\t\t\t\t<img loading=\"lazy\" decoding=\"async\" src=\"https:\/\/kv-wadelheim.de\/wp-content\/uploads\/2019\/06\/Kartoffelschaelen2018_012.jpg\" alt=\"????????????????????????????????????\" itemprop=\"image\" height=\"399\" width=\"600\" title=\"Kartoffelschaelen2018_012\" onerror=\"this.style.display='none'\"  \/>\n\t\t\t\t<\/a>\n\t<p><strong>Kartoffelsch\u00e4len<\/strong><\/p>\n<p><em>9. Februar 2018<\/em><\/p>\n\t\t\t\t<a href=\"https:\/\/kv-wadelheim.de\/?page_id=2187\" target=\"_self\" itemprop=\"url\" rel=\"noopener noreferrer\">\n\t\t\t\t<img loading=\"lazy\" decoding=\"async\" src=\"https:\/\/kv-wadelheim.de\/wp-content\/uploads\/2019\/06\/DSC_0538-1.jpg\" alt=\"DSC_0538\" itemprop=\"image\" height=\"664\" width=\"1000\" title=\"DSC_0538\" onerror=\"this.style.display='none'\"  \/>\n\t\t\t\t<\/a>\n\t<p><strong>Kinderkarneval<\/strong><\/p>\n<p><em>4. Februar 2018<\/em><\/p>\n\t\t\t\t<a href=\"https:\/\/kv-wadelheim.de\/?page_id=2185\" target=\"_self\" itemprop=\"url\" rel=\"noopener noreferrer\">\n\t\t\t\t<img loading=\"lazy\" decoding=\"async\" src=\"https:\/\/kv-wadelheim.de\/wp-content\/uploads\/2019\/06\/Wagenbau2018_057.jpg\" alt=\"????????????????????????????????????\" itemprop=\"image\" height=\"399\" width=\"600\" title=\"Wagenbau2018_057\" onerror=\"this.style.display='none'\"  \/>\n\t\t\t\t<\/a>\n\t<p><strong>Wagenbau<\/strong><\/p>\n<p><em>fortlaufend<\/em><\/p>\n\t\t\t\t<a href=\"https:\/\/kv-wadelheim.de\/?page_id=2184\" target=\"_self\" itemprop=\"url\" rel=\"noopener noreferrer\">\n\t\t\t\t<img loading=\"lazy\" decoding=\"async\" src=\"https:\/\/kv-wadelheim.de\/wp-content\/uploads\/2019\/06\/DSC_0495-1.jpg\" alt=\"????????????????????????????????????\" itemprop=\"image\" height=\"399\" width=\"600\" title=\"DSC_0495\" onerror=\"this.style.display='none'\"  \/>\n\t\t\t\t<\/a>\n\t<p><strong>Prinzenfr\u00fchschoppen<\/strong><\/p>\n<em>14. Januar 2018<br \/>\n<\/em>\n\t\t\t\t<a href=\"https:\/\/kv-wadelheim.de\/?page_id=2183\" target=\"_self\" itemprop=\"url\" rel=\"noopener noreferrer\">\n\t\t\t\t<img loading=\"lazy\" decoding=\"async\" src=\"https:\/\/kv-wadelheim.de\/wp-content\/uploads\/2019\/06\/DSC_0164.jpg\" alt=\"????????????????????????????????????\" itemprop=\"image\" height=\"399\" width=\"600\" title=\"DSC_0164\" onerror=\"this.style.display='none'\"  \/>\n\t\t\t\t<\/a>\n\t<p><strong>Prinzenproklamation<\/strong><\/p>\n<em>13. Januar 2018<br \/>\n<\/em>\n\t\t\t\t<a href=\"https:\/\/kv-wadelheim.de\/?page_id=2182\" target=\"_self\" itemprop=\"url\" rel=\"noopener noreferrer\">\n\t\t\t\t<img loading=\"lazy\" decoding=\"async\" src=\"https:\/\/kv-wadelheim.de\/wp-content\/uploads\/2019\/06\/BKC_026-1.jpg\" alt=\"BKC_026\" itemprop=\"image\" height=\"664\" width=\"1000\" title=\"BKC_026\" onerror=\"this.style.display='none'\"  \/>\n\t\t\t\t<\/a>\n\t<strong>63. Er\u00f6ffnungsveranstaltung in Bernburg<br \/>\n<\/strong>\n<em>10. &#8211; 12. November 2017<br \/>\n<\/em>\n","protected":false},"excerpt":{"rendered":"<p>Sommerfest 9. Juni 2018 \u00a0 Zu Besuch bei &#8230;. 2017\/2018 fortlaufend Rosenmontagsumzug 12. Februar 2018 Lustiger Tanzabend 10. Februar 2018 Kartoffelsch\u00e4len 9. Februar 2018 Kinderkarneval 4. Februar 2018 Wagenbau fortlaufend Prinzenfr\u00fchschoppen 14. Januar 2018 Prinzenproklamation 13. Januar 2018 63. Er\u00f6ffnungsveranstaltung in Bernburg 10. &#8211; 12. November 2017<\/p>\n","protected":false},"author":1,"featured_media":0,"parent":0,"menu_order":0,"comment_status":"closed","ping_status":"closed","template":"","meta":{"ngg_post_thumbnail":0,"footnotes":""},"class_list":["post-2192","page","type-page","status-publish","hentry"],"_links":{"self":[{"href":"https:\/\/kv-wadelheim.de\/index.php?rest_route=\/wp\/v2\/pages\/2192","targetHints":{"allow":["GET"]}}],"collection":[{"href":"https:\/\/kv-wadelheim.de\/index.php?rest_route=\/wp\/v2\/pages"}],"about":[{"href":"https:\/\/kv-wadelheim.de\/index.php?rest_route=\/wp\/v2\/types\/page"}],"author":[{"embeddable":true,"href":"https:\/\/kv-wadelheim.de\/index.php?rest_route=\/wp\/v2\/users\/1"}],"replies":[{"embeddable":true,"href":"https:\/\/kv-wadelheim.de\/index.php?rest_route=%2Fwp%2Fv2%2Fcomments&post=2192"}],"version-history":[{"count":4,"href":"https:\/\/kv-wadelheim.de\/index.php?rest_route=\/wp\/v2\/pages\/2192\/revisions"}],"predecessor-version":[{"id":2207,"href":"https:\/\/kv-wadelheim.de\/index.php?rest_route=\/wp\/v2\/pages\/2192\/revisions\/2207"}],"wp:attachment":[{"href":"https:\/\/kv-wadelheim.de\/index.php?rest_route=%2Fwp%2Fv2%2Fmedia&parent=2192"}],"curies":[{"name":"wp","href":"https:\/\/api.w.org\/{rel}","templated":true}]}}