{"id":1601,"date":"2019-06-05T21:19:13","date_gmt":"2019-06-05T19:19:13","guid":{"rendered":"https:\/\/kv-wadelheim.de\/?page_id=1601"},"modified":"2026-02-15T14:49:28","modified_gmt":"2026-02-15T13:49:28","slug":"start","status":"publish","type":"page","link":"https:\/\/kv-wadelheim.de\/","title":{"rendered":"Start"},"content":{"rendered":"\n\n\t<strong>Herzlich Willkommen<br \/>\n<\/strong>\n<p>auf der Webseite des Karnevals-Verein Wadelheim e. V.<\/p>\n\t<p>Wadelheim ist ein westlicher Stadtteil von Rheine in Westfalen. Seit unserer Gr\u00fcndung im Jahr 1970 feiern wir regelm\u00e4\u00dfig den Karneval, der bei uns als traditionelles Brauchtum einen hohen Stellenwert im j\u00e4hrlichen Veranstaltungskalender hat. Sie sind eingeladen, um Ihnen den traditionellen Brauchtum hautnah vorzuf\u00fchren oder neu zu entdecken und unser vielf\u00e4ltiges und buntes Karnevalsprogramm zu erleben. Im Rahmen von abwechslungsreichen Veranstaltungen in unserer famili\u00e4ren Atmosph\u00e4re zwischen Jung und Alt pr\u00e4sentieren wir Ihnen B\u00fcttenreden, Tanz, Party und vieles mehr mit Witz und Humor.<\/p>\n<p>Lassen Sie sich von unserer Homepage inspirieren und wir w\u00fcrden uns freuen, Sie auf einer unserer Veranstaltungen begr\u00fc\u00dften zu d\u00fcrfen.<\/p>\n\n","protected":false},"excerpt":{"rendered":"<p>Herzlich Willkommen auf der Webseite des Karnevals-Verein Wadelheim e. V. Wadelheim ist ein westlicher Stadtteil von Rheine in Westfalen. Seit unserer Gr\u00fcndung im Jahr 1970 feiern wir regelm\u00e4\u00dfig den Karneval, der bei uns als traditionelles Brauchtum einen hohen Stellenwert im j\u00e4hrlichen Veranstaltungskalender hat. Sie sind eingeladen, um Ihnen den traditionellen Brauchtum hautnah vorzuf\u00fchren oder neu zu entdecken und unser vielf\u00e4ltiges<\/p>\n","protected":false},"author":1,"featured_media":0,"parent":0,"menu_order":0,"comment_status":"closed","ping_status":"closed","template":"","meta":{"ngg_post_thumbnail":0,"footnotes":""},"class_list":["post-1601","page","type-page","status-publish","hentry"],"_links":{"self":[{"href":"https:\/\/kv-wadelheim.de\/index.php?rest_route=\/wp\/v2\/pages\/1601","targetHints":{"allow":["GET"]}}],"collection":[{"href":"https:\/\/kv-wadelheim.de\/index.php?rest_route=\/wp\/v2\/pages"}],"about":[{"href":"https:\/\/kv-wadelheim.de\/index.php?rest_route=\/wp\/v2\/types\/page"}],"author":[{"embeddable":true,"href":"https:\/\/kv-wadelheim.de\/index.php?rest_route=\/wp\/v2\/users\/1"}],"replies":[{"embeddable":true,"href":"https:\/\/kv-wadelheim.de\/index.php?rest_route=%2Fwp%2Fv2%2Fcomments&post=1601"}],"version-history":[{"count":11,"href":"https:\/\/kv-wadelheim.de\/index.php?rest_route=\/wp\/v2\/pages\/1601\/revisions"}],"predecessor-version":[{"id":6931,"href":"https:\/\/kv-wadelheim.de\/index.php?rest_route=\/wp\/v2\/pages\/1601\/revisions\/6931"}],"wp:attachment":[{"href":"https:\/\/kv-wadelheim.de\/index.php?rest_route=%2Fwp%2Fv2%2Fmedia&parent=1601"}],"curies":[{"name":"wp","href":"https:\/\/api.w.org\/{rel}","templated":true}]}}