{"id":1584,"date":"2019-06-01T17:36:56","date_gmt":"2019-06-01T15:36:56","guid":{"rendered":"https:\/\/kv-wadelheim.de\/?page_id=1584"},"modified":"2019-06-15T12:37:30","modified_gmt":"2019-06-15T10:37:30","slug":"session-2007-2008-copy-copy-copy-copy-copy-copy-copy-copy-copy","status":"publish","type":"page","link":"https:\/\/kv-wadelheim.de\/?page_id=1584","title":{"rendered":"Session 2016\/2017"},"content":{"rendered":"\n\t\t\t\t<a href=\"https:\/\/kv-wadelheim.de\/?page_id=1581\" target=\"_self\" itemprop=\"url\" rel=\"noopener noreferrer\">\n\t\t\t\t<img fetchpriority=\"high\" decoding=\"async\" src=\"https:\/\/kv-wadelheim.de\/wp-content\/uploads\/2019\/06\/IMG_2499.jpg\" alt=\"IMG_2499\" itemprop=\"image\" height=\"750\" width=\"1000\" title=\"IMG_2499\" onerror=\"this.style.display='none'\"  \/>\n\t\t\t\t<\/a>\n\t<strong>2. B\u00fcrgerpicknick Rheine &#8211; Bernburg<br \/>\n<\/strong>\n<em>3. Oktober 2017<br \/>\n<\/em>\n<p><em>\u00a0<\/em><\/p>\n\t\t\t\t<a href=\"https:\/\/kv-wadelheim.de\/?page_id=1580\" target=\"_self\" itemprop=\"url\" rel=\"noopener noreferrer\">\n\t\t\t\t<img decoding=\"async\" src=\"https:\/\/kv-wadelheim.de\/wp-content\/uploads\/2019\/06\/IMG_3683.jpg\" alt=\"IMG_3683\" itemprop=\"image\" height=\"750\" width=\"1000\" title=\"IMG_3683\" onerror=\"this.style.display='none'\"  \/>\n\t\t\t\t<\/a>\n\t<strong>10. Drachenfest auf der H\u00fcnenborg<br \/>\n<\/strong>\n<em>24. September 2017<br \/>\n<\/em>\n<p><em>\u00a0<\/em><\/p>\n\t\t\t\t<a href=\"https:\/\/kv-wadelheim.de\/?page_id=1582\" target=\"_self\" itemprop=\"url\" rel=\"noopener noreferrer\">\n\t\t\t\t<img decoding=\"async\" src=\"https:\/\/kv-wadelheim.de\/wp-content\/uploads\/2019\/06\/DSC_0759.jpg\" alt=\"????????????????????????????????????\" itemprop=\"image\" height=\"797\" width=\"1200\" title=\"DSC_0759\" onerror=\"this.style.display='none'\"  \/>\n\t\t\t\t<\/a>\n\t<strong>Sommerfest<br \/>\n<\/strong>\n<em>10. &#8211; 11. Juni 2017<br \/>\n<\/em>\n<p><em>\u00a0<\/em><\/p>\n\t\t\t\t<a href=\"https:\/\/goo.gl\/photos\/7UNP3oeyQyhLQq9i7\" target=\"_blank\" rel=\"noopener noreferrer\"  itemprop=\"url\">\n\t\t\t\t<img loading=\"lazy\" decoding=\"async\" src=\"https:\/\/kv-wadelheim.de\/wp-content\/uploads\/2019\/06\/Deckblatt-zu-Besuch-bei_1-249x300.jpg\" alt=\"Deckblatt-zu-Besuch-bei_1\" itemprop=\"image\" height=\"300\" width=\"249\" title=\"Deckblatt-zu-Besuch-bei_1\" onerror=\"this.style.display='none'\"  \/>\n\t\t\t\t<\/a>\n\t<strong>Zu Besuch bei &#8230;. 2015\/2016<br \/>\n<\/strong>\n<p><em>fortlaufend<\/em><\/p>\n\t\t\t\t<a href=\"https:\/\/kv-wadelheim.de\/?page_id=1579\" target=\"_self\" itemprop=\"url\" rel=\"noopener noreferrer\">\n\t\t\t\t<img loading=\"lazy\" decoding=\"async\" src=\"https:\/\/kv-wadelheim.de\/wp-content\/uploads\/2019\/06\/IMG_1178.jpg\" alt=\"IMG_1178\" itemprop=\"image\" height=\"900\" width=\"1200\" title=\"IMG_1178\" onerror=\"this.style.display='none'\"  \/>\n\t\t\t\t<\/a>\n\t<p><strong>Rosenmontagsumzug<\/strong><\/p>\n<p><em>27<\/em><em>. Februar 2017<\/em><\/p>\n\t\t\t\t<a href=\"https:\/\/kv-wadelheim.de\/?page_id=1578\" target=\"_self\" itemprop=\"url\" rel=\"noopener noreferrer\">\n\t\t\t\t<img loading=\"lazy\" decoding=\"async\" src=\"https:\/\/kv-wadelheim.de\/wp-content\/uploads\/2019\/06\/DSC_0657.jpg\" alt=\"????????????????????????????????????\" itemprop=\"image\" height=\"797\" width=\"1200\" title=\"DSC_0657\" onerror=\"this.style.display='none'\"  \/>\n\t\t\t\t<\/a>\n\t<strong>Lustiger Tanzabend<br \/>\n<\/strong>\n<em>25. Februar 2017<br \/>\n<\/em>\n\t\t\t\t<a href=\"https:\/\/kv-wadelheim.de\/?page_id=1576\" target=\"_self\" itemprop=\"url\" rel=\"noopener noreferrer\">\n\t\t\t\t<img loading=\"lazy\" decoding=\"async\" src=\"https:\/\/kv-wadelheim.de\/wp-content\/uploads\/2019\/06\/DSC_0596.jpg\" alt=\"????????????????????????????????????\" itemprop=\"image\" height=\"797\" width=\"1200\" title=\"DSC_0596\" onerror=\"this.style.display='none'\"  \/>\n\t\t\t\t<\/a>\n\t<p><strong>Kartoffelsch\u00e4len<\/strong><\/p>\n<p><em>24. Februar 2017<\/em><\/p>\n\t\t\t\t<a href=\"https:\/\/kv-wadelheim.de\/?page_id=1577\" target=\"_self\" itemprop=\"url\" rel=\"noopener noreferrer\">\n\t\t\t\t<img loading=\"lazy\" decoding=\"async\" src=\"https:\/\/kv-wadelheim.de\/wp-content\/uploads\/2019\/06\/DSC_0490.jpg\" alt=\"DSC_0490\" itemprop=\"image\" height=\"797\" width=\"1200\" title=\"DSC_0490\" onerror=\"this.style.display='none'\"  \/>\n\t\t\t\t<\/a>\n\t<p><strong>Kinderkarneval<\/strong><\/p>\n<p><em>19. Februar 2017<\/em><\/p>\n\t\t\t\t<a href=\"https:\/\/kv-wadelheim.de\/?page_id=1574\" target=\"_self\" itemprop=\"url\" rel=\"noopener noreferrer\">\n\t\t\t\t<img loading=\"lazy\" decoding=\"async\" src=\"https:\/\/kv-wadelheim.de\/wp-content\/uploads\/2019\/06\/SAM_2073.jpg\" alt=\"SAMSUNG CAMERA PICTURES\" itemprop=\"image\" height=\"900\" width=\"1200\" title=\"SAMSUNG CAMERA PICTURES\" onerror=\"this.style.display='none'\"  \/>\n\t\t\t\t<\/a>\n\t<p><strong>Wagenbau<\/strong><\/p>\n<p><em>fortlaufend<\/em><\/p>\n\t\t\t\t<a href=\"https:\/\/kv-wadelheim.de\/?page_id=1575\" target=\"_self\" itemprop=\"url\" rel=\"noopener noreferrer\">\n\t\t\t\t<img loading=\"lazy\" decoding=\"async\" src=\"https:\/\/kv-wadelheim.de\/wp-content\/uploads\/2019\/06\/IMG_0788.jpg\" alt=\"IMG_0788\" itemprop=\"image\" height=\"900\" width=\"1200\" title=\"IMG_0788\" onerror=\"this.style.display='none'\"  \/>\n\t\t\t\t<\/a>\n\t<strong>Herrensitzung D\u00fcrscheid 2017<br \/>\n<\/strong>\n<em>5. Februar 2017<br \/>\n<\/em>\n\t\t\t\t<a href=\"https:\/\/kv-wadelheim.de\/?page_id=1573\" target=\"_self\" itemprop=\"url\" rel=\"noopener noreferrer\">\n\t\t\t\t<img loading=\"lazy\" decoding=\"async\" src=\"https:\/\/kv-wadelheim.de\/wp-content\/uploads\/2019\/06\/Prinzenfruehschoppen2017_020.jpg\" alt=\"????????????????????????????????????\" itemprop=\"image\" height=\"797\" width=\"1200\" title=\"Prinzenfruehschoppen2017_020\" onerror=\"this.style.display='none'\"  \/>\n\t\t\t\t<\/a>\n\t<p><strong>Prinzenfr\u00fchschoppen<\/strong><\/p>\n<em>15. Januar 2017<br \/>\n<\/em>\n\t\t\t\t<a href=\"https:\/\/kv-wadelheim.de\/?page_id=1572\" target=\"_self\" itemprop=\"url\" rel=\"noopener noreferrer\">\n\t\t\t\t<img loading=\"lazy\" decoding=\"async\" src=\"https:\/\/kv-wadelheim.de\/wp-content\/uploads\/2019\/06\/Proklamation2017_029.jpg\" alt=\"????????????????????????????????????\" itemprop=\"image\" height=\"797\" width=\"1200\" title=\"Proklamation2017_029\" onerror=\"this.style.display='none'\"  \/>\n\t\t\t\t<\/a>\n\t<p><strong>Prinzenproklamation<\/strong><\/p>\n<em>14. Januar 2017<br \/>\n<\/em>\n","protected":false},"excerpt":{"rendered":"<p>2. B\u00fcrgerpicknick Rheine &#8211; Bernburg 3. Oktober 2017 \u00a0 10. Drachenfest auf der H\u00fcnenborg 24. September 2017 \u00a0 Sommerfest 10. &#8211; 11. Juni 2017 \u00a0 Zu Besuch bei &#8230;. 2015\/2016 fortlaufend Rosenmontagsumzug 27. Februar 2017 Lustiger Tanzabend 25. Februar 2017 Kartoffelsch\u00e4len 24. Februar 2017 Kinderkarneval 19. Februar 2017 Wagenbau fortlaufend Herrensitzung D\u00fcrscheid 2017 5. Februar 2017 Prinzenfr\u00fchschoppen 15. Januar 2017<\/p>\n","protected":false},"author":1,"featured_media":0,"parent":0,"menu_order":0,"comment_status":"closed","ping_status":"closed","template":"","meta":{"ngg_post_thumbnail":0,"footnotes":""},"class_list":["post-1584","page","type-page","status-publish","hentry"],"_links":{"self":[{"href":"https:\/\/kv-wadelheim.de\/index.php?rest_route=\/wp\/v2\/pages\/1584","targetHints":{"allow":["GET"]}}],"collection":[{"href":"https:\/\/kv-wadelheim.de\/index.php?rest_route=\/wp\/v2\/pages"}],"about":[{"href":"https:\/\/kv-wadelheim.de\/index.php?rest_route=\/wp\/v2\/types\/page"}],"author":[{"embeddable":true,"href":"https:\/\/kv-wadelheim.de\/index.php?rest_route=\/wp\/v2\/users\/1"}],"replies":[{"embeddable":true,"href":"https:\/\/kv-wadelheim.de\/index.php?rest_route=%2Fwp%2Fv2%2Fcomments&post=1584"}],"version-history":[{"count":3,"href":"https:\/\/kv-wadelheim.de\/index.php?rest_route=\/wp\/v2\/pages\/1584\/revisions"}],"predecessor-version":[{"id":2208,"href":"https:\/\/kv-wadelheim.de\/index.php?rest_route=\/wp\/v2\/pages\/1584\/revisions\/2208"}],"wp:attachment":[{"href":"https:\/\/kv-wadelheim.de\/index.php?rest_route=%2Fwp%2Fv2%2Fmedia&parent=1584"}],"curies":[{"name":"wp","href":"https:\/\/api.w.org\/{rel}","templated":true}]}}