{"id":133,"date":"2019-05-10T13:22:28","date_gmt":"2019-05-10T11:22:28","guid":{"rendered":"https:\/\/kv-wadelheim.de\/?page_id=133"},"modified":"2026-01-21T15:56:46","modified_gmt":"2026-01-21T14:56:46","slug":"vorstand","status":"publish","type":"page","link":"https:\/\/kv-wadelheim.de\/?page_id=133","title":{"rendered":"Vorstand"},"content":{"rendered":"\n\n\t<p><strong>aktuelle Vorstandsbesetzung:<\/strong><\/p>\n\t\t\t\t<img loading=\"lazy\" decoding=\"async\" src=\"https:\/\/kv-wadelheim.de\/wp-content\/uploads\/2025\/03\/Daniel-Berning.jpg\" alt=\"Daniel Berning\" itemprop=\"image\" height=\"1076\" width=\"1113\" title=\"Daniel Berning\" onerror=\"this.style.display='none'\" loading=\"lazy\" \/>\n\t<p><strong>Daniel Berning<\/strong><\/p>\n<p><em>&#8211; Pr\u00e4sident &#8211;<\/em><\/p>\n\t\t\t\t<img loading=\"lazy\" decoding=\"async\" src=\"https:\/\/kv-wadelheim.de\/wp-content\/uploads\/2025\/08\/Tobias-Kortkamp.jpg\" alt=\"Tobias Kortkamp\" itemprop=\"image\" height=\"1068\" width=\"1112\" title=\"Tobias Kortkamp\" onerror=\"this.style.display='none'\" loading=\"lazy\" \/>\n\t<strong>Tobias Kortkamp<br \/>\n<\/strong>\n<p><em>&#8211; Vizepr\u00e4sident &#8211;<\/em><\/p>\n\t\t\t\t<img loading=\"lazy\" decoding=\"async\" src=\"https:\/\/kv-wadelheim.de\/wp-content\/uploads\/2025\/03\/Hartmut-Gamm.jpg\" alt=\"Hartmut Gamm\" itemprop=\"image\" height=\"1080\" width=\"1108\" title=\"Hartmut Gamm\" onerror=\"this.style.display='none'\" loading=\"lazy\" \/>\n\t<strong>Hartmut Gamm<br \/>\n<\/strong>\n<p><em>&#8211; Sitzungspr\u00e4sident &#8211;<\/em><\/p>\n\t\t\t\t<img loading=\"lazy\" decoding=\"async\" src=\"https:\/\/kv-wadelheim.de\/wp-content\/uploads\/2025\/09\/istockphoto-1214284287-612x612-1.jpg\" alt=\"Anonymous gender neutral face avatar. Incognito head silhouette\" itemprop=\"image\" height=\"612\" width=\"612\" title=\"Anonymous gender neutral face avatar. Incognito head silhouette\" onerror=\"this.style.display='none'\" loading=\"lazy\" \/>\n\t<p><strong><em>zur Zeit nicht besetzt<\/em><\/strong><\/p>\n<p><em>&#8211; Vizepr\u00e4sident &#8211;<\/em><\/p>\n\t\t\t\t<img loading=\"lazy\" decoding=\"async\" src=\"https:\/\/kv-wadelheim.de\/wp-content\/uploads\/2025\/03\/Angelika-Albrecht-Koerner.jpg\" alt=\"Angelika Albrecht-K\u00f6rner\" itemprop=\"image\" height=\"1087\" width=\"1108\" title=\"Angelika Albrecht-K\u00f6rner\" onerror=\"this.style.display='none'\" loading=\"lazy\" \/>\n\t<strong>Angelika Albrecht-K\u00f6rner<br \/>\n<\/strong>\n<p><em>&#8211; 1. Gesch\u00e4ftsf\u00fchrerin &#8211;<\/em><\/p>\n\t\t\t\t<img loading=\"lazy\" decoding=\"async\" src=\"https:\/\/kv-wadelheim.de\/wp-content\/uploads\/2025\/03\/Heiner-Kortkamp.jpg\" alt=\"Heiner Kortkamp\" itemprop=\"image\" height=\"1075\" width=\"1108\" title=\"Heiner Kortkamp\" onerror=\"this.style.display='none'\" loading=\"lazy\" \/>\n\t<strong>Heiner Kortkamp<br \/>\n<\/strong>\n<p><em>&#8211; 1. Kassierer &#8211;<\/em><\/p>\n\t\t\t\t<img loading=\"lazy\" decoding=\"async\" src=\"https:\/\/kv-wadelheim.de\/wp-content\/uploads\/2025\/03\/Anita-Heilemann.jpg\" alt=\"Anita Heilemann\" itemprop=\"image\" height=\"1085\" width=\"1113\" title=\"Anita Heilemann\" onerror=\"this.style.display='none'\" loading=\"lazy\" \/>\n\t<strong>Anita Heilemann<br \/>\n<\/strong>\n<p><em>&#8211; 1. Schriftf\u00fchrerin &#8211;<\/em><\/p>\n\t\t\t\t<img loading=\"lazy\" decoding=\"async\" src=\"https:\/\/kv-wadelheim.de\/wp-content\/uploads\/2025\/03\/Matthias-Terhorst.jpg\" alt=\"Matthias Terhorst\" itemprop=\"image\" height=\"1080\" width=\"1110\" title=\"Matthias Terhorst\" onerror=\"this.style.display='none'\" loading=\"lazy\" \/>\n\t<strong>Matthias Terhorst<br \/>\n<\/strong>\n<p><em>&#8211; 2. Gesch\u00e4ftsf\u00fchrer &#8211;<\/em><\/p>\n\t\t\t\t<img loading=\"lazy\" decoding=\"async\" src=\"https:\/\/kv-wadelheim.de\/wp-content\/uploads\/2025\/03\/Manuela-Grottendieck.jpg\" alt=\"Manuela Grottendieck\" itemprop=\"image\" height=\"1078\" width=\"1113\" title=\"Manuela Grottendieck\" onerror=\"this.style.display='none'\" loading=\"lazy\" \/>\n\t<strong>Manuela Grottendieck<br \/>\n<\/strong>\n<p><em>&#8211; 2. Kassiererin &#8211;<\/em><\/p>\n\t\t\t\t<img loading=\"lazy\" decoding=\"async\" src=\"https:\/\/kv-wadelheim.de\/wp-content\/uploads\/2025\/03\/Carina-Heilemann.jpg\" alt=\"Carina Heilemann\" itemprop=\"image\" height=\"1082\" width=\"1108\" title=\"Carina Heilemann\" onerror=\"this.style.display='none'\" loading=\"lazy\" \/>\n\t<strong>Carina Heilemann<br \/>\n<\/strong>\n<p><em>&#8211; 2. Schriftf\u00fchrerin &#8211;<\/em><\/p>\n\t<p><strong>Standartentr\u00e4ger: <\/strong><em>(Mitglieder im Beirat)<\/em><\/p>\n\t\t\t\t<img loading=\"lazy\" decoding=\"async\" src=\"https:\/\/kv-wadelheim.de\/wp-content\/uploads\/2026\/01\/IMG_0193-1024x768.jpg\" alt=\"IMG_0193\" itemprop=\"image\" height=\"645\" width=\"860\" title=\"IMG_0193\" onerror=\"this.style.display='none'\" loading=\"lazy\" \/>\n\t<p><strong>Bj\u00f6rn Wolf<\/strong><\/p>\n<p><strong>Ral<\/strong><strong>ph Renger<\/strong><\/p>\n<p><strong>\u00a0<\/strong><\/p>\n\t<p><strong>Prinzenpaare:<\/strong><\/p>\namtierendes Prinzenpaar: <strong>Dieter und Henk Eden<\/strong><em><br \/>\n<\/em>\naltes Prinzenpaar: <strong>Krista und Tobias Kortkamp<\/strong><strong><br \/>\n<\/strong>\n\t<p><strong>Kassenpr\u00fcfer:<\/strong> <em>(nicht Mitglied des Vorstandes)<\/em><\/p>\n<p>1. Kassenpr\u00fcfer: <strong>Dieter Eden<\/strong><\/p>\n<p>2. Kassenpr\u00fcfer: <strong>Dirk Vogt<\/strong><\/p>\n<p>Ersatzkassenpr\u00fcfer: <strong>Udo R\u00f6ttering<\/strong><\/p>\n\t<strong>Kinderfestausschuss 2026: <\/strong><em>(nicht Mitglied des Vorstandes)<\/em><strong><br \/>\n<\/strong>\nManuela Grottendieck, Kevin Knebelkamp, Silvia Kortkamp, Kim Kr\u00f6plin, Monika Gref von Harteneck, Bianca Strotmann<br \/>\n\n\t<strong>Sommerfestausschuss 2026: <\/strong><em>(nicht Mitglied des Vorstandes)<\/em><strong><br \/>\n<\/strong>\nDirk Vogt, Hartmut Gamm, Tobias Kortkamp, Udo R\u00f6ttering, Bj\u00f6rn Wolf<br \/>\n\n\n","protected":false},"excerpt":{"rendered":"<p>aktuelle Vorstandsbesetzung: Daniel Berning &#8211; Pr\u00e4sident &#8211; Tobias Kortkamp &#8211; Vizepr\u00e4sident &#8211; Hartmut Gamm &#8211; Sitzungspr\u00e4sident &#8211; zur Zeit nicht besetzt &#8211; Vizepr\u00e4sident &#8211; Angelika Albrecht-K\u00f6rner &#8211; 1. Gesch\u00e4ftsf\u00fchrerin &#8211; Heiner Kortkamp &#8211; 1. Kassierer &#8211; Anita Heilemann &#8211; 1. Schriftf\u00fchrerin &#8211; Matthias Terhorst &#8211; 2. Gesch\u00e4ftsf\u00fchrer &#8211; Manuela Grottendieck &#8211; 2. Kassiererin &#8211; Carina Heilemann &#8211; 2. Schriftf\u00fchrerin &#8211;<\/p>\n","protected":false},"author":1,"featured_media":0,"parent":0,"menu_order":0,"comment_status":"closed","ping_status":"closed","template":"","meta":{"ngg_post_thumbnail":0,"footnotes":""},"class_list":["post-133","page","type-page","status-publish","hentry"],"_links":{"self":[{"href":"https:\/\/kv-wadelheim.de\/index.php?rest_route=\/wp\/v2\/pages\/133","targetHints":{"allow":["GET"]}}],"collection":[{"href":"https:\/\/kv-wadelheim.de\/index.php?rest_route=\/wp\/v2\/pages"}],"about":[{"href":"https:\/\/kv-wadelheim.de\/index.php?rest_route=\/wp\/v2\/types\/page"}],"author":[{"embeddable":true,"href":"https:\/\/kv-wadelheim.de\/index.php?rest_route=\/wp\/v2\/users\/1"}],"replies":[{"embeddable":true,"href":"https:\/\/kv-wadelheim.de\/index.php?rest_route=%2Fwp%2Fv2%2Fcomments&post=133"}],"version-history":[{"count":11,"href":"https:\/\/kv-wadelheim.de\/index.php?rest_route=\/wp\/v2\/pages\/133\/revisions"}],"predecessor-version":[{"id":6876,"href":"https:\/\/kv-wadelheim.de\/index.php?rest_route=\/wp\/v2\/pages\/133\/revisions\/6876"}],"wp:attachment":[{"href":"https:\/\/kv-wadelheim.de\/index.php?rest_route=%2Fwp%2Fv2%2Fmedia&parent=133"}],"curies":[{"name":"wp","href":"https:\/\/api.w.org\/{rel}","templated":true}]}}